




{"id":114762,"date":"2023-12-14T00:00:00","date_gmt":"2023-12-13T23:00:00","guid":{"rendered":"https:\/\/gbc.at\/web\/produkt\/rohrfarbe-pipepaint-215860\/"},"modified":"2026-04-10T18:41:29","modified_gmt":"2026-04-10T16:41:29","slug":"rohrfarbe-pipepaint-215860","status":"publish","type":"product","link":"https:\/\/gbc.at\/web\/online-katalog\/gartenbau-mehr\/schattierung\/schattierfarben\/rohrfarbe-pipepaint-215860\/","title":{"rendered":"Rohrfarbe Pipepaint"},"content":{"rendered":"<p>PipePaint ist eine wasserbasierte Farbe mit drei Funktionen. Die erste besteht darin, vor Rost zu sch\u00fctzen. Zweitens steigert die Farbe die Reflexion von Licht auf den Heizrohren um bis zu 50 %. Drittens wird die W\u00e4rme\u00fcbertragung um ganze 10 % verbessert. PipePaint ist wasserl\u00f6slich. Daher braucht man sich keine Gedanken \u00fcber D\u00e4mpfe machen, die Pflanzen oder Menschen sch\u00e4digen k\u00f6nnten. Das Aufbringen der Farbe kann bei allen Pflanzen risikolos w\u00e4hrend der Kultur erfolgen.<\/p>\n","protected":false},"excerpt":{"rendered":"<p>PipePaint ist eine wasserbasierte Farbe mit drei Funktionen. Die erste besteht darin, vor Rost zu sch\u00fctzen. Zweitens steigert die Farbe die Reflexion von Licht auf den Heizrohren um bis zu 50 %. Drittens wird die W\u00e4rme\u00fcbertragung um ganze 10 % verbessert. PipePaint ist wasserl\u00f6slich. Daher braucht man sich keine Gedanken \u00fcber D\u00e4mpfe machen, die Pflanzen [&hellip;]<\/p>\n","protected":false},"featured_media":114763,"template":"","meta":{"_acf_changed":false,"_relevanssi_hide_post":"","_relevanssi_hide_content":"","_relevanssi_pin_for_all":"","_relevanssi_pin_keywords":"","_relevanssi_unpin_keywords":"","_relevanssi_related_keywords":"","_relevanssi_related_include_ids":"","_relevanssi_related_exclude_ids":"","_relevanssi_related_no_append":"","_relevanssi_related_not_related":"","_relevanssi_related_posts":"","_relevanssi_noindex_reason":"","powered_cache_disable_cache":false},"aktionskampagne":[],"katalog-produkte":[],"kaufbedingung":[],"lieferanten-brands":[18337],"produktempfehlungen":[],"produktsichtbarkeit_lager":[45,43,42],"saisonen":[],"product_brand":[],"product_cat":[188,1614,1322],"product_tag":[],"class_list":{"0":"post-114762","1":"product","2":"type-product","3":"status-publish","4":"has-post-thumbnail","6":"lieferanten-brands-lumiforte","7":"produktsichtbarkeit_lager-meiningen","8":"produktsichtbarkeit_lager-schwechat","9":"produktsichtbarkeit_lager-steinhaus","10":"product_cat-gartenbau-mehr","11":"product_cat-schattierfarben","12":"product_cat-schattierung","13":"pa_inhalt-15lt","15":"first","16":"instock","17":"taxable","18":"shipping-taxable","19":"purchasable","20":"product-type-simple"},"acf":[],"_links":{"self":[{"href":"https:\/\/gbc.at\/web\/wp-json\/wp\/v2\/product\/114762","targetHints":{"allow":["GET"]}}],"collection":[{"href":"https:\/\/gbc.at\/web\/wp-json\/wp\/v2\/product"}],"about":[{"href":"https:\/\/gbc.at\/web\/wp-json\/wp\/v2\/types\/product"}],"wp:featuredmedia":[{"embeddable":true,"href":"https:\/\/gbc.at\/web\/wp-json\/wp\/v2\/media\/114763"}],"wp:attachment":[{"href":"https:\/\/gbc.at\/web\/wp-json\/wp\/v2\/media?parent=114762"}],"wp:term":[{"taxonomy":"aktionskampagne","embeddable":true,"href":"https:\/\/gbc.at\/web\/wp-json\/wp\/v2\/aktionskampagne?post=114762"},{"taxonomy":"katalog-produkte","embeddable":true,"href":"https:\/\/gbc.at\/web\/wp-json\/wp\/v2\/katalog-produkte?post=114762"},{"taxonomy":"kaufbedingung","embeddable":true,"href":"https:\/\/gbc.at\/web\/wp-json\/wp\/v2\/kaufbedingung?post=114762"},{"taxonomy":"lieferanten-brands","embeddable":true,"href":"https:\/\/gbc.at\/web\/wp-json\/wp\/v2\/lieferanten-brands?post=114762"},{"taxonomy":"produktempfehlungen","embeddable":true,"href":"https:\/\/gbc.at\/web\/wp-json\/wp\/v2\/produktempfehlungen?post=114762"},{"taxonomy":"produktsichtbarkeit_lager","embeddable":true,"href":"https:\/\/gbc.at\/web\/wp-json\/wp\/v2\/produktsichtbarkeit_lager?post=114762"},{"taxonomy":"saisonen","embeddable":true,"href":"https:\/\/gbc.at\/web\/wp-json\/wp\/v2\/saisonen?post=114762"},{"taxonomy":"product_brand","embeddable":true,"href":"https:\/\/gbc.at\/web\/wp-json\/wp\/v2\/product_brand?post=114762"},{"taxonomy":"product_cat","embeddable":true,"href":"https:\/\/gbc.at\/web\/wp-json\/wp\/v2\/product_cat?post=114762"},{"taxonomy":"product_tag","embeddable":true,"href":"https:\/\/gbc.at\/web\/wp-json\/wp\/v2\/product_tag?post=114762"}],"curies":[{"name":"wp","href":"https:\/\/api.w.org\/{rel}","templated":true}]}}