




{"id":55857,"date":"2023-04-05T00:00:00","date_gmt":"2023-04-04T22:00:00","guid":{"rendered":"https:\/\/staging.gbc.at\/web\/produkt\/gaertner-exclusiv-schneckenkorn-211376\/"},"modified":"2026-04-02T18:42:29","modified_gmt":"2026-04-02T16:42:29","slug":"gaertner-exclusiv-schneckenkorn-211376","status":"publish","type":"product","link":"https:\/\/gbc.at\/web\/online-katalog\/gaertner-exclusiv\/gaertner-exclusiv-pflanzenschutz\/gaertner-exclusiv-schneckenkorn-211376\/","title":{"rendered":"G\u00e4rtner exclusiv Schneckenkorn"},"content":{"rendered":"<h4>Sch\u00fctzt Gem\u00fcse, Obst und Zierpflanzen<\/h4>\n<p>G\u00e4rtner exclusiv\u00ae Schneckenkorn besitzt eine sehr gute Regen- und Schimmelfestigkeit, zeigt rasche Wirkung und ein sofortiger Fra\u00df-Stopp tritt ein. F\u00fcr den biologischen Anbau geeignet.<\/p>\n","protected":false},"excerpt":{"rendered":"<p>Sch\u00fctzt Gem\u00fcse, Obst und Zierpflanzen G\u00e4rtner exclusiv\u00ae Schneckenkorn besitzt eine sehr gute Regen- und Schimmelfestigkeit, zeigt rasche Wirkung und ein sofortiger Fra\u00df-Stopp tritt ein. F\u00fcr den biologischen Anbau geeignet.<\/p>\n","protected":false},"featured_media":55858,"template":"","meta":{"_acf_changed":false,"_relevanssi_hide_post":"","_relevanssi_hide_content":"","_relevanssi_pin_for_all":"","_relevanssi_pin_keywords":"","_relevanssi_unpin_keywords":"","_relevanssi_related_keywords":"","_relevanssi_related_include_ids":"","_relevanssi_related_exclude_ids":"","_relevanssi_related_no_append":"","_relevanssi_related_not_related":"","_relevanssi_related_posts":"","_relevanssi_noindex_reason":"","powered_cache_disable_cache":false},"aktionskampagne":[],"katalog-produkte":[49],"kaufbedingung":[],"lieferanten-brands":[18274],"produktempfehlungen":[],"produktsichtbarkeit_lager":[44,46,45,43,42],"saisonen":[],"product_brand":[],"product_cat":[51,52],"product_tag":[18470,18391],"class_list":{"0":"post-55857","1":"product","2":"type-product","3":"status-publish","4":"has-post-thumbnail","6":"katalog-produkte-katalog-gaertner-exclusiv-2024","7":"lieferanten-brands-compo-austria","8":"produktsichtbarkeit_lager-kalsdorf","9":"produktsichtbarkeit_lager-kematen","10":"produktsichtbarkeit_lager-meiningen","11":"produktsichtbarkeit_lager-schwechat","12":"produktsichtbarkeit_lager-steinhaus","13":"product_cat-gaertner-exclusiv","14":"product_cat-gaertner-exclusiv-pflanzenschutz","15":"product_tag-biologisch-gaertnern","16":"product_tag-natur-im-garten","17":"pa_inhalt-1kg","19":"first","20":"instock","21":"taxable","22":"shipping-taxable","23":"purchasable","24":"product-type-simple"},"acf":[],"_links":{"self":[{"href":"https:\/\/gbc.at\/web\/wp-json\/wp\/v2\/product\/55857","targetHints":{"allow":["GET"]}}],"collection":[{"href":"https:\/\/gbc.at\/web\/wp-json\/wp\/v2\/product"}],"about":[{"href":"https:\/\/gbc.at\/web\/wp-json\/wp\/v2\/types\/product"}],"wp:featuredmedia":[{"embeddable":true,"href":"https:\/\/gbc.at\/web\/wp-json\/wp\/v2\/media\/55858"}],"wp:attachment":[{"href":"https:\/\/gbc.at\/web\/wp-json\/wp\/v2\/media?parent=55857"}],"wp:term":[{"taxonomy":"aktionskampagne","embeddable":true,"href":"https:\/\/gbc.at\/web\/wp-json\/wp\/v2\/aktionskampagne?post=55857"},{"taxonomy":"katalog-produkte","embeddable":true,"href":"https:\/\/gbc.at\/web\/wp-json\/wp\/v2\/katalog-produkte?post=55857"},{"taxonomy":"kaufbedingung","embeddable":true,"href":"https:\/\/gbc.at\/web\/wp-json\/wp\/v2\/kaufbedingung?post=55857"},{"taxonomy":"lieferanten-brands","embeddable":true,"href":"https:\/\/gbc.at\/web\/wp-json\/wp\/v2\/lieferanten-brands?post=55857"},{"taxonomy":"produktempfehlungen","embeddable":true,"href":"https:\/\/gbc.at\/web\/wp-json\/wp\/v2\/produktempfehlungen?post=55857"},{"taxonomy":"produktsichtbarkeit_lager","embeddable":true,"href":"https:\/\/gbc.at\/web\/wp-json\/wp\/v2\/produktsichtbarkeit_lager?post=55857"},{"taxonomy":"saisonen","embeddable":true,"href":"https:\/\/gbc.at\/web\/wp-json\/wp\/v2\/saisonen?post=55857"},{"taxonomy":"product_brand","embeddable":true,"href":"https:\/\/gbc.at\/web\/wp-json\/wp\/v2\/product_brand?post=55857"},{"taxonomy":"product_cat","embeddable":true,"href":"https:\/\/gbc.at\/web\/wp-json\/wp\/v2\/product_cat?post=55857"},{"taxonomy":"product_tag","embeddable":true,"href":"https:\/\/gbc.at\/web\/wp-json\/wp\/v2\/product_tag?post=55857"}],"curies":[{"name":"wp","href":"https:\/\/api.w.org\/{rel}","templated":true}]}}