




{"id":64191,"date":"2017-01-01T00:00:00","date_gmt":"2016-12-31T23:00:00","guid":{"rendered":"https:\/\/staging.gbc.at\/web\/produkt\/topf-ribeira-essential-40-122448\/"},"modified":"2026-04-29T18:33:16","modified_gmt":"2026-04-29T16:33:16","slug":"topf-ribeira-essential-40-122448","status":"publish","type":"product","link":"https:\/\/gbc.at\/web\/online-katalog\/gartenbau-mehr\/toepfe-gefaesse\/kunststoff-gefaesse\/topf-ribeira-essential-40-122448\/","title":{"rendered":"Topf Ribeira Essential 40"},"content":{"rendered":"<p>Pflanzgef\u00e4\u00df aus hochwertigem, UV-best\u00e4ndigem PE-Kunststoff, gefertigt im Rotationsverfahren f\u00fcr hohe Materialst\u00e4rke und edle Oberfl\u00e4che.<\/p>\n","protected":false},"excerpt":{"rendered":"<p>Pflanzgef\u00e4\u00df aus hochwertigem, UV-best\u00e4ndigem PE-Kunststoff, gefertigt im Rotationsverfahren f\u00fcr hohe Materialst\u00e4rke und edle Oberfl\u00e4che.<\/p>\n","protected":false},"featured_media":64192,"template":"","meta":{"_acf_changed":false,"_relevanssi_hide_post":"","_relevanssi_hide_content":"","_relevanssi_pin_for_all":"","_relevanssi_pin_keywords":"","_relevanssi_unpin_keywords":"","_relevanssi_related_keywords":"","_relevanssi_related_include_ids":"","_relevanssi_related_exclude_ids":"","_relevanssi_related_no_append":"","_relevanssi_related_not_related":"","_relevanssi_related_posts":"","_relevanssi_noindex_reason":"","powered_cache_disable_cache":false},"aktionskampagne":[],"katalog-produkte":[28987],"kaufbedingung":[],"lieferanten-brands":[18340],"produktempfehlungen":[],"produktsichtbarkeit_lager":[44,46,45,43,42],"saisonen":[],"product_brand":[],"product_cat":[188,349,348],"product_tag":[],"class_list":{"0":"post-64191","1":"product","2":"type-product","3":"status-publish","4":"has-post-thumbnail","6":"katalog-produkte-fachkatalog-baumschulen-galabau-2025","7":"lieferanten-brands-teraplast","8":"produktsichtbarkeit_lager-kalsdorf","9":"produktsichtbarkeit_lager-kematen","10":"produktsichtbarkeit_lager-meiningen","11":"produktsichtbarkeit_lager-schwechat","12":"produktsichtbarkeit_lager-steinhaus","13":"product_cat-gartenbau-mehr","14":"product_cat-kunststoff-gefaesse","15":"product_cat-toepfe-gefaesse","17":"first","18":"instock","19":"taxable","20":"shipping-taxable","21":"purchasable","22":"product-type-simple"},"acf":[],"_links":{"self":[{"href":"https:\/\/gbc.at\/web\/wp-json\/wp\/v2\/product\/64191","targetHints":{"allow":["GET"]}}],"collection":[{"href":"https:\/\/gbc.at\/web\/wp-json\/wp\/v2\/product"}],"about":[{"href":"https:\/\/gbc.at\/web\/wp-json\/wp\/v2\/types\/product"}],"wp:featuredmedia":[{"embeddable":true,"href":"https:\/\/gbc.at\/web\/wp-json\/wp\/v2\/media\/64192"}],"wp:attachment":[{"href":"https:\/\/gbc.at\/web\/wp-json\/wp\/v2\/media?parent=64191"}],"wp:term":[{"taxonomy":"aktionskampagne","embeddable":true,"href":"https:\/\/gbc.at\/web\/wp-json\/wp\/v2\/aktionskampagne?post=64191"},{"taxonomy":"katalog-produkte","embeddable":true,"href":"https:\/\/gbc.at\/web\/wp-json\/wp\/v2\/katalog-produkte?post=64191"},{"taxonomy":"kaufbedingung","embeddable":true,"href":"https:\/\/gbc.at\/web\/wp-json\/wp\/v2\/kaufbedingung?post=64191"},{"taxonomy":"lieferanten-brands","embeddable":true,"href":"https:\/\/gbc.at\/web\/wp-json\/wp\/v2\/lieferanten-brands?post=64191"},{"taxonomy":"produktempfehlungen","embeddable":true,"href":"https:\/\/gbc.at\/web\/wp-json\/wp\/v2\/produktempfehlungen?post=64191"},{"taxonomy":"produktsichtbarkeit_lager","embeddable":true,"href":"https:\/\/gbc.at\/web\/wp-json\/wp\/v2\/produktsichtbarkeit_lager?post=64191"},{"taxonomy":"saisonen","embeddable":true,"href":"https:\/\/gbc.at\/web\/wp-json\/wp\/v2\/saisonen?post=64191"},{"taxonomy":"product_brand","embeddable":true,"href":"https:\/\/gbc.at\/web\/wp-json\/wp\/v2\/product_brand?post=64191"},{"taxonomy":"product_cat","embeddable":true,"href":"https:\/\/gbc.at\/web\/wp-json\/wp\/v2\/product_cat?post=64191"},{"taxonomy":"product_tag","embeddable":true,"href":"https:\/\/gbc.at\/web\/wp-json\/wp\/v2\/product_tag?post=64191"}],"curies":[{"name":"wp","href":"https:\/\/api.w.org\/{rel}","templated":true}]}}