




{"id":65259,"date":"2017-01-01T00:00:00","date_gmt":"2016-12-31T23:00:00","guid":{"rendered":"https:\/\/staging.gbc.at\/web\/produkt\/menno-hortisept-clean-plus-135154\/"},"modified":"2026-03-23T07:15:03","modified_gmt":"2026-03-23T06:15:03","slug":"menno-hortisept-clean-plus-135154","status":"publish","type":"product","link":"https:\/\/gbc.at\/web\/online-katalog\/gartenbau-mehr\/desinfektionsmittel\/menno-hortisept-clean-plus-135154\/","title":{"rendered":"Menno Hortisept Clean Plus"},"content":{"rendered":"<h4>Spezial-Reinigungsmittel entsch\u00e4umt oder stark sch\u00e4umend<\/h4>\n<p>Stark sch\u00e4umendes &#8211; alkalisches, fl\u00fcssiges, wasserl\u00f6sliches Reinigungsmittel-Konzentrat f\u00fcr den professionellen Einsatz in der Pflanzenproduktion, dem Gem\u00fcse- und Zierpflanzenbau. Reinigt Verschmutzungen, pflanzliche R\u00fcckst\u00e4nde von Fl\u00e4chen wie Energieschirmen, Mypex \/ B\u00e4ndchengewebe, Rolltischen, Gew\u00e4chsh\u00e4usern, Folientunneln, Stegplatten, usw<\/p>\n","protected":false},"excerpt":{"rendered":"<p>Spezial-Reinigungsmittel entsch\u00e4umt oder stark sch\u00e4umend Stark sch\u00e4umendes &#8211; alkalisches, fl\u00fcssiges, wasserl\u00f6sliches Reinigungsmittel-Konzentrat f\u00fcr den professionellen Einsatz in der Pflanzenproduktion, dem Gem\u00fcse- und Zierpflanzenbau. Reinigt Verschmutzungen, pflanzliche R\u00fcckst\u00e4nde von Fl\u00e4chen wie Energieschirmen, Mypex \/ B\u00e4ndchengewebe, Rolltischen, Gew\u00e4chsh\u00e4usern, Folientunneln, Stegplatten, usw<\/p>\n","protected":false},"featured_media":65260,"template":"","meta":{"_acf_changed":false,"_relevanssi_hide_post":"","_relevanssi_hide_content":"","_relevanssi_pin_for_all":"","_relevanssi_pin_keywords":"","_relevanssi_unpin_keywords":"","_relevanssi_related_keywords":"","_relevanssi_related_include_ids":"","_relevanssi_related_exclude_ids":"","_relevanssi_related_no_append":"","_relevanssi_related_not_related":"","_relevanssi_related_posts":"","_relevanssi_noindex_reason":"","powered_cache_disable_cache":false},"aktionskampagne":[],"katalog-produkte":[28987],"kaufbedingung":[],"lieferanten-brands":[27890],"produktempfehlungen":[],"produktsichtbarkeit_lager":[44,46,45,43,42],"saisonen":[],"product_brand":[],"product_cat":[1560,188],"product_tag":[],"class_list":{"0":"post-65259","1":"product","2":"type-product","3":"status-publish","4":"has-post-thumbnail","6":"katalog-produkte-fachkatalog-baumschulen-galabau-2025","7":"lieferanten-brands-menno-chemie","8":"produktsichtbarkeit_lager-kalsdorf","9":"produktsichtbarkeit_lager-kematen","10":"produktsichtbarkeit_lager-meiningen","11":"produktsichtbarkeit_lager-schwechat","12":"produktsichtbarkeit_lager-steinhaus","13":"product_cat-desinfektionsmittel","14":"product_cat-gartenbau-mehr","15":"pa_inhalt-10lt","17":"first","18":"instock","19":"taxable","20":"shipping-taxable","21":"purchasable","22":"product-type-simple"},"acf":[],"_links":{"self":[{"href":"https:\/\/gbc.at\/web\/wp-json\/wp\/v2\/product\/65259","targetHints":{"allow":["GET"]}}],"collection":[{"href":"https:\/\/gbc.at\/web\/wp-json\/wp\/v2\/product"}],"about":[{"href":"https:\/\/gbc.at\/web\/wp-json\/wp\/v2\/types\/product"}],"wp:featuredmedia":[{"embeddable":true,"href":"https:\/\/gbc.at\/web\/wp-json\/wp\/v2\/media\/65260"}],"wp:attachment":[{"href":"https:\/\/gbc.at\/web\/wp-json\/wp\/v2\/media?parent=65259"}],"wp:term":[{"taxonomy":"aktionskampagne","embeddable":true,"href":"https:\/\/gbc.at\/web\/wp-json\/wp\/v2\/aktionskampagne?post=65259"},{"taxonomy":"katalog-produkte","embeddable":true,"href":"https:\/\/gbc.at\/web\/wp-json\/wp\/v2\/katalog-produkte?post=65259"},{"taxonomy":"kaufbedingung","embeddable":true,"href":"https:\/\/gbc.at\/web\/wp-json\/wp\/v2\/kaufbedingung?post=65259"},{"taxonomy":"lieferanten-brands","embeddable":true,"href":"https:\/\/gbc.at\/web\/wp-json\/wp\/v2\/lieferanten-brands?post=65259"},{"taxonomy":"produktempfehlungen","embeddable":true,"href":"https:\/\/gbc.at\/web\/wp-json\/wp\/v2\/produktempfehlungen?post=65259"},{"taxonomy":"produktsichtbarkeit_lager","embeddable":true,"href":"https:\/\/gbc.at\/web\/wp-json\/wp\/v2\/produktsichtbarkeit_lager?post=65259"},{"taxonomy":"saisonen","embeddable":true,"href":"https:\/\/gbc.at\/web\/wp-json\/wp\/v2\/saisonen?post=65259"},{"taxonomy":"product_brand","embeddable":true,"href":"https:\/\/gbc.at\/web\/wp-json\/wp\/v2\/product_brand?post=65259"},{"taxonomy":"product_cat","embeddable":true,"href":"https:\/\/gbc.at\/web\/wp-json\/wp\/v2\/product_cat?post=65259"},{"taxonomy":"product_tag","embeddable":true,"href":"https:\/\/gbc.at\/web\/wp-json\/wp\/v2\/product_tag?post=65259"}],"curies":[{"name":"wp","href":"https:\/\/api.w.org\/{rel}","templated":true}]}}